{"id":73,"date":"2018-09-14T09:55:03","date_gmt":"2018-09-14T09:55:03","guid":{"rendered":"http:\/\/planungfuchs.de\/?page_id=73"},"modified":"2020-04-02T08:19:18","modified_gmt":"2020-04-02T08:19:18","slug":"ueber-planungfuchs","status":"publish","type":"page","link":"https:\/\/planungfuchs.de\/?page_id=73","title":{"rendered":"Waltraut Fuchs"},"content":{"rendered":"<h6>Meine Auffassung von Stadtplanung begr\u00fcndet sich in der Qualit\u00e4t von R\u00e4umen. Urbanit\u00e4t ist nicht alleine ein Nebeneinander von H\u00e4usern und Stra\u00dfen, sondern ein Miteinander, die Qualit\u00e4t der Umgebung und der Lebenswert f\u00fcr Menschen, die sich darin aufhalten. Mir ist es wichtig, eine ausgewogene Mischung aus Geb\u00e4uden und Gr\u00fcn, Stra\u00dfen und Pl\u00e4tzen zu erreichen. Dazu geh\u00f6rt zeitgem\u00e4\u00dfe Architektur, Erhaltung von sch\u00fctzenswerten Geb\u00e4uden, gemeinschaftliche Einrichtungen, ein f\u00fcr Menschen funktionierender Verkehrsraum und gute Nahversorgung.<\/h6>\n<h6>Um angemessen planen zu k\u00f6nnen, habe ich mich mit den Instrumenten der Stadt- und Bauleitplanung vertraut gemacht, unterst\u00fctze konkurrierende Verfahren, Planungswettbewerbe und moderierte Planungsprozesse unter Einbeziehung von B\u00fcrgern.<\/h6>\n<h6>Seit April 2018 eigenes B\u00fcro f\u00fcr Stadtplanung und Architektur in Radolfzell<\/h6>\n<h6>Bis 2018 Partnerin in einem B\u00fcro f\u00fcr Stadtplanung in Konstanz<\/h6>\n<h6>Bis 2017 T\u00e4tigkeit als Stadtplanerin bei der Stadt Konstanz<\/h6>\n<h6>Bis 2012 T\u00e4tigkeit als Stadtplanerin bei der Stadt Singen am Hohentwiel<\/h6>\n<h6>Bis 1990 T\u00e4tigkeit als Stadtplanerin bei der Stadt Gerlingen<\/h6>\n<h6>1994 Eintragung als Architektin bei der Architektenkammer Baden-W\u00fcrttemberg<\/h6>\n<h6>1989 Diplom Architektur Diplomarbeit \u201eInnenstadt Wasseralfingen\u201c<\/h6>\n<h6>Bis 1989 Studium Architektur mit Vertiefungsrichtung Orts- und Regionalplanung an der HfT Stuttgart (fr\u00fcher Staatsbauschule Stuttgart)<\/h6>\n<h6>Bis 1985 Studium Architektur an der HTWG Konstanz (fr\u00fcher FH Konstanz)<\/h6>\n<h6>Ausbildung zur technischen Zeichnerin Geb\u00e4udetechnik<\/h6>\n<h6>Schulen in Unteruhldingen und \u00dcberlingen<\/h6>\n<h6>Von 2014 bis 2019 Mitglied im Stadtrat Radolfzell, Ausschuss f\u00fcr Umwelt und Planung und Gestaltungsbeirat Radolfzell<\/h6>\n<h6><\/h6>\n<h6>Eine besondere Passion habe ich f\u00fcr Fotografie und unsere Heimat, den Bodensee.<\/h6>\n<h6>Eingetragen in der Architektenkammer Baden \u2013 W\u00fcrttemberg als Freie Architektin Nr. 037 424 Eintragungsort Radolfzell<\/h6>\n","protected":false},"excerpt":{"rendered":"<p>Meine Auffassung von Stadtplanung begr\u00fcndet sich in der Qualit\u00e4t von R\u00e4umen. Urbanit\u00e4t ist nicht alleine ein Nebeneinander von H\u00e4usern und Stra\u00dfen, sondern ein Miteinander, die Qualit\u00e4t der Umgebung und der Lebenswert f\u00fcr Menschen, die sich darin aufhalten. Mir ist es wichtig, eine ausgewogene Mischung aus Geb\u00e4uden und Gr\u00fcn, Stra\u00dfen und Pl\u00e4tzen zu erreichen. Dazu geh\u00f6rt <a href=\"https:\/\/planungfuchs.de\/?page_id=73\" class=\"more-link\">...weiterlesen<span class=\"screen-reader-text\"> \"Waltraut Fuchs\"<\/span><\/a><\/p>\n","protected":false},"author":1,"featured_media":66,"parent":0,"menu_order":0,"comment_status":"closed","ping_status":"closed","template":"","meta":[],"_links":{"self":[{"href":"https:\/\/planungfuchs.de\/index.php?rest_route=\/wp\/v2\/pages\/73"}],"collection":[{"href":"https:\/\/planungfuchs.de\/index.php?rest_route=\/wp\/v2\/pages"}],"about":[{"href":"https:\/\/planungfuchs.de\/index.php?rest_route=\/wp\/v2\/types\/page"}],"author":[{"embeddable":true,"href":"https:\/\/planungfuchs.de\/index.php?rest_route=\/wp\/v2\/users\/1"}],"replies":[{"embeddable":true,"href":"https:\/\/planungfuchs.de\/index.php?rest_route=%2Fwp%2Fv2%2Fcomments&post=73"}],"version-history":[{"count":7,"href":"https:\/\/planungfuchs.de\/index.php?rest_route=\/wp\/v2\/pages\/73\/revisions"}],"predecessor-version":[{"id":171,"href":"https:\/\/planungfuchs.de\/index.php?rest_route=\/wp\/v2\/pages\/73\/revisions\/171"}],"wp:featuredmedia":[{"embeddable":true,"href":"https:\/\/planungfuchs.de\/index.php?rest_route=\/wp\/v2\/media\/66"}],"wp:attachment":[{"href":"https:\/\/planungfuchs.de\/index.php?rest_route=%2Fwp%2Fv2%2Fmedia&parent=73"}],"curies":[{"name":"wp","href":"https:\/\/api.w.org\/{rel}","templated":true}]}}